{"id":6,"date":"2025-12-16T11:39:50","date_gmt":"2025-12-16T04:39:50","guid":{"rendered":"https:\/\/alishan.com.co\/?page_id=6"},"modified":"2025-12-16T11:41:58","modified_gmt":"2025-12-16T04:41:58","slug":"trang-chu","status":"publish","type":"page","link":"https:\/\/alishan.com.co\/","title":{"rendered":"G28 &#8211; Trung T\u00e2m \u0110\u0103ng K\u00fd Nh\u00e0 C\u00e1i G 28.COM +88k Uy T\u00edn"},"content":{"rendered":"<div class=\"row\"  id=\"row-2025385343\">\n\n\t<div id=\"col-1189038503\" class=\"col medium-8 small-12 large-8\"  >\n\t\t\t\t<div class=\"col-inner\"  >\n\t\t\t\n\t\t\t\n<h1 class=\"tieu-de\" style=\"text-align: center;\">G28 &#8211; Trung T\u00e2m \u0110\u0103ng K\u00fd Nh\u00e0 C\u00e1i G 28.COM +88k Uy T\u00edn<\/h1>\n<p><span style=\"color: #359eff;\"><strong>G28 Com<\/strong> l\u00e0 trang ch\u1ee7 \u0111\u0103ng nh\u1eadp nh\u00e0 c\u00e1i uy t\u00edn ch\u00ednh th\u1ee9c t\u1eeb XXvip, th\u01b0\u01a1ng hi\u1ec7u \u0111ang r\u1ea5t m\u1ea1nh tr\u00ean th\u1ecb tr\u01b0\u1eddng c\u00e1 c\u01b0\u1ee3c tr\u1ef1c tuy\u1ebfn. N\u1ec1n t\u1ea3ng tr\u00f2 ch\u01a1i G288 \u0111\u01b0\u1ee3c trang b\u1ecb c\u00f4ng ngh\u1ec7 m\u00e3 ho\u00e1 \u0111\u1ea7u cu\u1ed1i hi\u1ec7n \u0111\u1ea1i, b\u1ea3o v\u1ec7 th\u00f4ng tin ng\u01b0\u1eddi ch\u01a1i, \u0111\u1ea3m b\u1ea3o giao d\u1ecbch kh\u00f4ng ph\u00ed nhanh ch\u00f3ng. L\u00e0 \u0111\u1ed1i t\u00e1c tin c\u1eady u\u1ef7 quy\u1ec1n cung c\u1ea5p game c\u1ee7a Jili, SV388 thomo v\u00e0 AE Gaming.<\/span><\/p>\n<blockquote>\n<p>Trang ch\u1ee7 \u0110\u0103ng nh\u1eadp nh\u00e0 c\u00e1i G28 Game ch\u00ednh th\u1ee9c: <span style=\"color: #ff0000;\"><em>https:\/\/alishan.com.co\/<\/em><\/span><\/p>\n<\/blockquote>\n\t\t<\/div>\n\t\t\t\t\t<\/div>\n\n\t\n\n\t<div id=\"col-1529325532\" class=\"col medium-4 small-12 large-4\"  >\n\t\t\t\t<div class=\"col-inner text-center\"  >\n\t\t\t\n\t\t\t\n\t<div class=\"img has-hover x md-x lg-x y md-y lg-y\" id=\"image_1888732306\">\n\t\t\t\t\t\t\t\t<div class=\"img-inner dark\" >\n\t\t\t<img loading=\"lazy\" decoding=\"async\" width=\"512\" height=\"512\" src=\"https:\/\/alishan.com.co\/wp-content\/uploads\/2025\/12\/g28-favicon.webp\" class=\"attachment-original size-original\" alt=\"Nh\u00e0 c\u00e1i G28\" srcset=\"https:\/\/alishan.com.co\/wp-content\/uploads\/2025\/12\/g28-favicon.webp 512w, https:\/\/alishan.com.co\/wp-content\/uploads\/2025\/12\/g28-favicon-300x300.webp 300w, https:\/\/alishan.com.co\/wp-content\/uploads\/2025\/12\/g28-favicon-150x150.webp 150w\" sizes=\"auto, (max-width: 512px) 100vw, 512px\" \/>\t\t\t\t\t\t\n\t\t\t\t\t<\/div>\n\t\t\t\t\t\t\t\t\n<style>\n#image_1888732306 {\n  width: 80%;\n}\n<\/style>\n\t<\/div>\n\t\n\t\t<\/div>\n\t\t\t\t\t<\/div>\n\n\t\n<\/div>\n<h2 class=\"tieu-de uppercase\"><strong>FAQ &#8211; Gi\u1ea3i \u0111\u00e1p th\u1eafc m\u1eafc li\u00ean quan \u0111\u1ebfn nh\u00e0 c\u00e1i G 28<\/strong><\/h2>\n<div class=\"accordion faq\">\n\t<div id=\"accordion-436967917\" class=\"accordion-item\">\n\t\t<a id=\"accordion-436967917-label\" class=\"accordion-title plain\" href=\"#accordion-item-\u0110\u0103ng-nh\u1eadp-g28-tr\u00ean-m\u00e1y-t\u00ednh-v\u00e0-\u0111i\u1ec7n-tho\u1ea1i-nh\u01b0-n\u00e0o?\" aria-expanded=\"false\" aria-controls=\"accordion-436967917-content\">\n\t\t\t<button class=\"toggle\" aria-label=\"Chuy\u1ec3n \u0111\u1ed5i\"><i class=\"icon-angle-down\" aria-hidden=\"true\"><\/i><\/button>\n\t\t\t<span>\u0110\u0103ng nh\u1eadp G28 tr\u00ean m\u00e1y t\u00ednh v\u00e0 \u0111i\u1ec7n tho\u1ea1i nh\u01b0 n\u00e0o?<\/span>\n\t\t<\/a>\n\t\t<div id=\"accordion-436967917-content\" class=\"accordion-inner\" aria-labelledby=\"accordion-436967917-label\">\n\t\t\t\n<p>S\u1eed d\u1ee5ng tr\u00ecnh duy\u1ec7t c\u1ee7a thi\u1ebft b\u1ecb truy c\u1eadp trang ch\u1ee7 ch\u00ednh th\u1ee9c:<\/p>\n<ul>\n<li>g28.com<\/li>\n<li>g 28.game<\/li>\n<li>g 28.one<\/li>\n<li>g 28.online<\/li>\n<li>g 28.vip<\/li>\n<li>g 28.bet<\/li>\n<li>g 28.top<\/li>\n<li>g 28.win<\/li>\n<li>g 28.casino<\/li>\n<\/ul>\n<p>Tr\u00ean \u0111i\u1ec7n tho\u1ea3i t\u1ea3i app Androi\/iOS b\u1eb1ng li\u00ean k\u1ebft ngay tr\u00ean \u0111\u1ea7u trang ch\u1ee7 khi truy c\u1eadp. Anh em ch\u1ec9 c\u1ea7n &#8220;\u0110\u1ed3ng \u00fd&#8221; m\u1ecdi b\u01b0\u1edbc theo h\u01b0\u1edbng d\u1eabn auto l\u00e0 ho\u00e0n th\u00e0nh.<\/p>\n\t\t<\/div>\n\t<\/div>\n\t\n\t<div id=\"accordion-826749117\" class=\"accordion-item\">\n\t\t<a id=\"accordion-826749117-label\" class=\"accordion-title plain\" href=\"#accordion-item-xxvip-l\u00e0-g\u00ec?\" aria-expanded=\"false\" aria-controls=\"accordion-826749117-content\">\n\t\t\t<button class=\"toggle\" aria-label=\"Chuy\u1ec3n \u0111\u1ed5i\"><i class=\"icon-angle-down\" aria-hidden=\"true\"><\/i><\/button>\n\t\t\t<span>XXVIP l\u00e0 g\u00ec?<\/span>\n\t\t<\/a>\n\t\t<div id=\"accordion-826749117-content\" class=\"accordion-inner\" aria-labelledby=\"accordion-826749117-label\">\n\t\t\t\n<p>XXvip l\u00e0 t\u1eadp \u0111o\u00e0n c\u00e1 c\u01b0\u1ee3c \u0111i\u1ec1u h\u00e0nh c\u00e1c nh\u00e0 c\u00e1i G28 Bet, 188v, 66B, W188, Slot365 v\u00e0 N188 \u0111ang ho\u1ea1t \u0111\u1ed9ng r\u1ea5t uy t\u00edn t\u1ea1i Vi\u1ec7t Nam.<\/p>\n\t\t<\/div>\n\t<\/div>\n\t\n\t<div id=\"accordion-3363522942\" class=\"accordion-item\">\n\t\t<a id=\"accordion-3363522942-label\" class=\"accordion-title plain\" href=\"#accordion-item-\u0110\u0103ng-k\u00fd-c\u00e1-c\u01b0\u1ee3c-g-28.com-c\u00f3-khuy\u1ebfn-m\u00e3i-kh\u00f4ng?\" aria-expanded=\"false\" aria-controls=\"accordion-3363522942-content\">\n\t\t\t<button class=\"toggle\" aria-label=\"Chuy\u1ec3n \u0111\u1ed5i\"><i class=\"icon-angle-down\" aria-hidden=\"true\"><\/i><\/button>\n\t\t\t<span>\u0110\u0103ng k\u00fd c\u00e1 c\u01b0\u1ee3c G 28.Com c\u00f3 khuy\u1ebfn m\u00e3i kh\u00f4ng?<\/span>\n\t\t<\/a>\n\t\t<div id=\"accordion-3363522942-content\" class=\"accordion-inner\" aria-labelledby=\"accordion-3363522942-label\">\n\t\t\t\n<p>T\u00e0i kho\u1ea3n tham gia n\u1ea1p ti\u1ec1n ch\u01a1i t\u1ea1i nh\u00e0 c\u00e1i G28 \u0111\u01b0\u1ee3c t\u1eb7ng code 88k, n\u1ea1p \u0111\u1ea7u 200K t\u1eb7ng 300%.<\/p>\n\t\t<\/div>\n\t<\/div>\n\t\n\t<div id=\"accordion-859308294\" class=\"accordion-item\">\n\t\t<a id=\"accordion-859308294-label\" class=\"accordion-title plain\" href=\"#accordion-item-g288-game-c\u00f3-xanh-ch\u00edn-kh\u00f4ng?\" aria-expanded=\"false\" aria-controls=\"accordion-859308294-content\">\n\t\t\t<button class=\"toggle\" aria-label=\"Chuy\u1ec3n \u0111\u1ed5i\"><i class=\"icon-angle-down\" aria-hidden=\"true\"><\/i><\/button>\n\t\t\t<span>G288 Game c\u00f3 xanh ch\u00edn kh\u00f4ng?<\/span>\n\t\t<\/a>\n\t\t<div id=\"accordion-859308294-content\" class=\"accordion-inner\" aria-labelledby=\"accordion-859308294-label\">\n\t\t\t\n<p>Tr\u00f2 ch\u01a1i c\u00e1 c\u01b0\u1ee3c t\u1ea1i G28.Com \u0111\u1ec1u do b\u00ean th\u1ee9 3 cung c\u1ea5p (Jili, AE Gaming, B\u00f3ng 88,&#8230;) n\u00ean r\u1ea5t uy t\u00edn.<\/p>\n\t\t<\/div>\n\t<\/div>\n\t\n\t<div id=\"accordion-4284773891\" class=\"accordion-item\">\n\t\t<a id=\"accordion-4284773891-label\" class=\"accordion-title plain\" href=\"#accordion-item-li\u00ean-h\u1ec7-cskh-g28-nh\u01b0-n\u00e0o?\" aria-expanded=\"false\" aria-controls=\"accordion-4284773891-content\">\n\t\t\t<button class=\"toggle\" aria-label=\"Chuy\u1ec3n \u0111\u1ed5i\"><i class=\"icon-angle-down\" aria-hidden=\"true\"><\/i><\/button>\n\t\t\t<span>Li\u00ean h\u1ec7 CSKH G28 nh\u01b0 n\u00e0o?<\/span>\n\t\t<\/a>\n\t\t<div id=\"accordion-4284773891-content\" class=\"accordion-inner\" aria-labelledby=\"accordion-4284773891-label\">\n\t\t\t\n<p>Truy c\u1eadp trang ch\u1ee7 G 28 Com \u0111\u1ec3 m\u1edf c\u1eeda s\u1ed5 Livechat v\u1edbi nh\u00e2n vi\u00ean t\u01b0 v\u1ea5n, ho\u1ea1t \u0111\u1ed9ng Online 24\/7.<\/p>\n\t\t<\/div>\n\t<\/div>\n\t\n<\/div>\n","protected":false},"excerpt":{"rendered":"<p>FAQ &#8211; Gi\u1ea3i \u0111\u00e1p th\u1eafc m\u1eafc li\u00ean quan \u0111\u1ebfn nh\u00e0 c\u00e1i G 28<\/p>\n","protected":false},"author":1,"featured_media":0,"parent":0,"menu_order":0,"comment_status":"closed","ping_status":"closed","template":"","meta":{"footnotes":""},"class_list":["post-6","page","type-page","status-publish","hentry"],"_links":{"self":[{"href":"https:\/\/alishan.com.co\/index.php?rest_route=\/wp\/v2\/pages\/6","targetHints":{"allow":["GET"]}}],"collection":[{"href":"https:\/\/alishan.com.co\/index.php?rest_route=\/wp\/v2\/pages"}],"about":[{"href":"https:\/\/alishan.com.co\/index.php?rest_route=\/wp\/v2\/types\/page"}],"author":[{"embeddable":true,"href":"https:\/\/alishan.com.co\/index.php?rest_route=\/wp\/v2\/users\/1"}],"replies":[{"embeddable":true,"href":"https:\/\/alishan.com.co\/index.php?rest_route=%2Fwp%2Fv2%2Fcomments&post=6"}],"version-history":[{"count":10,"href":"https:\/\/alishan.com.co\/index.php?rest_route=\/wp\/v2\/pages\/6\/revisions"}],"predecessor-version":[{"id":94,"href":"https:\/\/alishan.com.co\/index.php?rest_route=\/wp\/v2\/pages\/6\/revisions\/94"}],"wp:attachment":[{"href":"https:\/\/alishan.com.co\/index.php?rest_route=%2Fwp%2Fv2%2Fmedia&parent=6"}],"curies":[{"name":"wp","href":"https:\/\/api.w.org\/{rel}","templated":true}]}}